{"id":24110,"date":"2019-09-24T07:31:51","date_gmt":"2019-09-24T07:31:51","guid":{"rendered":"https:\/\/airporttransfersdalaman.com\/ana-sayfa\/"},"modified":"2026-04-26T10:55:11","modified_gmt":"2026-04-26T10:55:11","slug":"ana-sayfa","status":"publish","type":"page","link":"https:\/\/airporttransfersdalaman.com\/tr\/","title":{"rendered":"Ana Sayfa"},"content":{"rendered":"<div class=\"wpb-content-wrapper\"><p>[vc_row el_class=&#8221;theme-margin-bottom-10&#8243; css=&#8221;.vc_custom_1776803008235{padding-top: 0px !important;padding-bottom: 0px !important;}&#8221;][vc_column width=&#8221;1\/2&#8243;][vc_custom_heading text=&#8221;Yolcular Neden Bizi Tercih Ediyor?&#8221; font_container=&#8221;tag:div|font_size:16|text_align:left&#8221; use_theme_fonts=&#8221;yes&#8221; css=&#8221;&#8221; el_class=&#8221;theme-header-style-1&#8243;][vc_custom_heading text=&#8221;Sorunsuz Bir Var\u0131\u015f \u0130\u00e7in<br \/>\n\u0130htiyac\u0131n\u0131z Olan Her \u015eey.&#8221; use_theme_fonts=&#8221;yes&#8221; css=&#8221;&#8221;][vc_column_text css=&#8221;&#8221;]Sabit fiyatland\u0131rma ve kar\u015f\u0131lama hizmetinden ger\u00e7ek zamanl\u0131 u\u00e7u\u015f takibine ve 7\/24 \u00e7ok dilli deste\u011fe kadar \u2014 Dalaman&#8217;a inmeden \u00f6nce her ayr\u0131nt\u0131 halledilir.[\/vc_column_text][\/vc_column][vc_column width=&#8221;1\/4&#8243;][vc_custom_heading text=&#8221;Sabit Fiyatlar&#8221; font_container=&#8221;tag:h3|text_align:left&#8221; use_theme_fonts=&#8221;yes&#8221; css=&#8221;&#8221;][vc_column_text css=&#8221;&#8221;]Rezervasyon yaparken g\u00f6rd\u00fc\u011f\u00fcn\u00fcz fiyat, var\u0131\u015fta \u00f6deyece\u011finiz fiyatt\u0131r \u2014 taksimetre \u00e7al\u0131\u015fmaz, ek \u00fccret veya son dakika eklemeleri olmaz.[\/vc_column_text][vc_custom_heading text=&#8221;U\u00e7u\u015f Takibi&#8221; font_container=&#8221;tag:h3|text_align:left&#8221; use_theme_fonts=&#8221;yes&#8221; css=&#8221;&#8221;][vc_column_text css=&#8221;&#8221;]U\u00e7u\u015funuzu ger\u00e7ek zamanl\u0131 olarak takip ediyoruz. Erken inerse veya gecikirse, \u015fof\u00f6r\u00fcn\u00fcz buna g\u00f6re ayarlar \u2014 asla bekletilmezsiniz.[\/vc_column_text][\/vc_column][vc_column width=&#8221;1\/4&#8243;][vc_custom_heading text=&#8221;\u00dccretsiz Kar\u015f\u0131lama Hizmeti&#8221; font_container=&#8221;tag:h3|text_align:left&#8221; use_theme_fonts=&#8221;yes&#8221; css=&#8221;&#8221;][vc_column_text css=&#8221;&#8221;]\u015eof\u00f6r\u00fcn\u00fcz, var\u0131\u015f salonunda ad\u0131n\u0131z\u0131n yaz\u0131l\u0131 oldu\u011fu bir tabelayla sizi bekliyor olacak \u2014 taksi dura\u011f\u0131 araman\u0131za veya tahmin y\u00fcr\u00fctmenize gerek kalmaz.[\/vc_column_text][vc_custom_heading text=&#8221;7\/24 Destek&#8221; font_container=&#8221;tag:h3|text_align:left&#8221; use_theme_fonts=&#8221;yes&#8221; css=&#8221;&#8221;][vc_column_text css=&#8221;&#8221;]U\u00e7u\u015funuzdan \u00f6nce sorular\u0131n\u0131z m\u0131 var veya gece yar\u0131s\u0131 plan de\u011fi\u015fikli\u011fi mi oldu? Ekibimiz \u0130ngilizce, T\u00fcrk\u00e7e, Almanca ve Rus\u00e7a dillerinde g\u00fcn\u00fcn her saati ula\u015f\u0131labilir durumdad\u0131r.[\/vc_column_text][\/vc_column][\/vc_row][vc_row full_width=&#8221;stretch_row&#8221; equal_height=&#8221;yes&#8221; content_placement=&#8221;middle&#8221; el_class=&#8221;theme-margin-bottom-20&#8243;][vc_column width=&#8221;1\/2&#8243;][vc_single_image image=&#8221;24116&#8243; img_size=&#8221;full&#8221; alignment=&#8221;center&#8221; style=&#8221;vc_box_rounded&#8221; css=&#8221;&#8221; el_class=&#8221;theme-image-style-2&#8243;][\/vc_column][vc_column width=&#8221;1\/2&#8243;][vc_single_image image=&#8221;24117&#8243; img_size=&#8221;full&#8221; style=&#8221;vc_box_rounded&#8221; css=&#8221;&#8221; el_class=&#8221;theme-image-style-2&#8243;][\/vc_column][\/vc_row][vc_row full_width=&#8221;stretch_row&#8221; el_class=&#8221;theme-background-color-7&#8243; css=&#8221;.vc_custom_1776697436824{padding-top: 0px !important;padding-bottom: 0px !important;}&#8221;][vc_column el_class=&#8221;theme-column-style-2 theme-margin-bottom-0&#8243; css=&#8221;.vc_custom_1776697346530{padding-top: 60px !important;padding-bottom: 60px !important;}&#8221;]\r\n            <div class=\"theme-component-header-subheader aligncenter theme-margin-bottom-0\">\r\n                <div class=\"theme-component-header-subheader-subheader\">Popular Routes<\/div>\r\n                <h2 class=\"theme-component-header-subheader-header\">Popular Dalaman Airport Transfer Routes<\/h2>\r\n            <\/div>\r\n        [vc_column_text css=&#8221;&#8221; el_class=&#8221;theme-margin-bottom-20&#8243;]<\/p>\n<p style=\"text-align: center;\">Her g\u00fczergah, tek sabit fiyat \u2014 seyahatinizden \u00f6nce onaylan\u0131r, var\u0131\u015fta ek \u00fccret al\u0131nmaz.<\/p>\n<p>[\/vc_column_text][vc_row_inner equal_height=&#8221;yes&#8221; content_placement=&#8221;middle&#8221; gap=&#8221;5&#8243;][vc_column_inner width=&#8221;1\/3&#8243; css=&#8221;.vc_custom_1776699161287{padding-top: 0px !important;padding-right: 0px !important;padding-bottom: 30px !important;padding-left: 0px !important;background-color: #FFFFFF !important;}&#8221;][vc_single_image image=&#8221;24115&#8243; img_size=&#8221;large&#8221; add_caption=&#8221;yes&#8221; alignment=&#8221;center&#8221; css=&#8221;.vc_custom_1776788835209{margin-bottom: 0px !important;}&#8221;][vc_custom_heading text=&#8221;Dalaman Havaliman\u0131&apos;ndan Marmaris&apos;e&#8221; font_container=&#8221;tag:h3|text_align:left&#8221; use_theme_fonts=&#8221;yes&#8221; css=&#8221;.vc_custom_1776699120414{margin-bottom: 0px !important;padding-right: 5px !important;padding-left: 5px !important;}&#8221; el_class=&#8221;theme-margin-top-20 theme-margin-bottom-20&#8243;][vc_column_text css=&#8221;.vc_custom_1776698928580{padding-right: 5px !important;padding-left: 5px !important;}&#8221;]Turkuaz Sahili&#8217;nin en b\u00fcy\u00fck tatil beldesi \u2014 \u00f6zel transferiniz yakla\u015f\u0131k 75 dakikada t\u00fcm yolculu\u011fu kapsar.[\/vc_column_text][\/vc_column_inner][vc_column_inner width=&#8221;1\/3&#8243; css=&#8221;.vc_custom_1776788980777{padding-top: 0px !important;padding-right: 0px !important;padding-bottom: 30px !important;padding-left: 0px !important;background-color: #FFFFFF !important;}&#8221;][vc_single_image image=&#8221;24118&#8243; img_size=&#8221;large&#8221; add_caption=&#8221;yes&#8221; alignment=&#8221;center&#8221; css=&#8221;.vc_custom_1776788915440{margin-bottom: 0px !important;}&#8221;][vc_custom_heading text=&#8221;Dalaman Havaliman\u0131&apos;ndan Fethiye&apos;ye&#8221; font_container=&#8221;tag:h3|text_align:left&#8221; use_theme_fonts=&#8221;yes&#8221; css=&#8221;.vc_custom_1776788886827{margin-bottom: 0px !important;padding-right: 5px !important;padding-left: 5px !important;}&#8221; el_class=&#8221;theme-margin-top-20 theme-margin-bottom-20&#8243;][vc_column_text css=&#8221;.vc_custom_1776788894120{padding-right: 5px !important;padding-left: 5px !important;}&#8221;]B\u00f6lgenin en \u00e7ok ziyaret edilen liman \u015fehirlerinden birine 45 dakikal\u0131k transfer \u2014 do\u011frudan, \u00f6zel ve kap\u0131dan kap\u0131ya.[\/vc_column_text][\/vc_column_inner][vc_column_inner width=&#8221;1\/3&#8243; css=&#8221;.vc_custom_1776789218413{padding-top: 0px !important;padding-right: 0px !important;padding-bottom: 30px !important;padding-left: 0px !important;background-color: #FFFFFF !important;}&#8221;][vc_single_image image=&#8221;24119&#8243; img_size=&#8221;large&#8221; css=&#8221;&#8221;][vc_custom_heading text=&#8221;Dalaman Havaliman\u0131&apos;ndan \u00d6l\u00fcdeniz&apos;e&#8221; font_container=&#8221;tag:h3|text_align:left&#8221; use_theme_fonts=&#8221;yes&#8221; css=&#8221;.vc_custom_1776789178521{margin-bottom: 0px !important;padding-right: 5px !important;padding-left: 5px !important;}&#8221; el_class=&#8221;theme-margin-top-20 theme-margin-bottom-20&#8243;][vc_column_text css=&#8221;.vc_custom_1776789166062{padding-right: 5px !important;padding-left: 5px !important;}&#8221;]\u00dcnl\u00fc Mavi Lag\u00fcn&#8217;\u00fcn evi \u2014 \u00d6l\u00fcdeniz&#8217;e payla\u015f\u0131ml\u0131 otob\u00fcslerin veya havaliman\u0131 kuyruklar\u0131n\u0131n stresi olmadan yakla\u015f\u0131k 60 dakikada ula\u015f\u0131n.[\/vc_column_text][\/vc_column_inner][\/vc_row_inner][vc_row_inner][vc_column_inner width=&#8221;1\/3&#8243; css=&#8221;.vc_custom_1776789343720{padding-top: 0px !important;padding-right: 0px !important;padding-bottom: 30px !important;padding-left: 0px !important;background-color: #FFFFFF !important;}&#8221;][vc_single_image image=&#8221;24120&#8243; img_size=&#8221;large&#8221; add_caption=&#8221;yes&#8221; alignment=&#8221;center&#8221; css=&#8221;.vc_custom_1776789317772{margin-bottom: 0px !important;}&#8221;][vc_custom_heading text=&#8221;Dalaman Havaliman\u0131&apos;ndan G\u00f6cek&apos;e&#8221; font_container=&#8221;tag:h3|text_align:left&#8221; use_theme_fonts=&#8221;yes&#8221; css=&#8221;.vc_custom_1776789285912{margin-bottom: 0px !important;padding-right: 5px !important;padding-left: 5px !important;}&#8221; el_class=&#8221;theme-margin-top-20 theme-margin-bottom-20&#8243;][vc_column_text css=&#8221;.vc_custom_1776789296471{padding-right: 5px !important;padding-left: 5px !important;}&#8221;]Bu sakin yelkenli k\u00f6y\u00fcne k\u0131sa bir transfer \u2014 G\u00f6cek havaliman\u0131na sadece 20 dakika uzakl\u0131ktad\u0131r ve siz indi\u011finizde arac\u0131n\u0131z sizi bekliyor olur.[\/vc_column_text][\/vc_column_inner][vc_column_inner width=&#8221;1\/3&#8243; css=&#8221;.vc_custom_1776789447972{padding-top: 0px !important;padding-right: 0px !important;padding-bottom: 30px !important;padding-left: 0px !important;background-color: #FFFFFF !important;}&#8221;][vc_single_image image=&#8221;24121&#8243; img_size=&#8221;large&#8221; alignment=&#8221;center&#8221; css=&#8221;.vc_custom_1776789410005{margin-bottom: 0px !important;}&#8221;][vc_custom_heading text=&#8221;Dalaman Havaliman\u0131&apos;ndan Sar\u0131germe&apos;ye&#8221; font_container=&#8221;tag:h3|text_align:left&#8221; use_theme_fonts=&#8221;yes&#8221; css=&#8221;.vc_custom_1776789372664{margin-bottom: 0px !important;padding-right: 5px !important;padding-left: 5px !important;}&#8221; el_class=&#8221;theme-margin-top-20 theme-margin-bottom-20&#8243;][vc_column_text css=&#8221;.vc_custom_1776789379572{padding-right: 5px !important;padding-left: 5px !important;}&#8221;]Havaliman\u0131na en yak\u0131n tatil beldelerinden biri \u2014 Sar\u0131germe transferiniz sabit bir fiyatla yakla\u015f\u0131k 15 dakika s\u00fcrer.[\/vc_column_text][\/vc_column_inner][vc_column_inner width=&#8221;1\/3&#8243; css=&#8221;.vc_custom_1776789551337{padding-top: 0px !important;padding-right: 0px !important;padding-bottom: 30px !important;padding-left: 0px !important;background-color: #FFFFFF !important;}&#8221;][vc_single_image image=&#8221;24122&#8243; img_size=&#8221;large&#8221; alignment=&#8221;center&#8221; css=&#8221;.vc_custom_1776789529002{margin-bottom: 0px !important;}&#8221;][vc_custom_heading text=&#8221;Dalaman Havaliman\u0131&apos;ndan Dalyan&apos;a&#8221; font_container=&#8221;tag:h3|text_align:left&#8221; use_theme_fonts=&#8221;yes&#8221; css=&#8221;.vc_custom_1776789495948{margin-bottom: 0px !important;padding-right: 5px !important;padding-left: 5px !important;}&#8221; el_class=&#8221;theme-margin-top-20 theme-margin-bottom-20&#8243;][vc_column_text css=&#8221;.vc_custom_1776789509135{padding-right: 5px !important;padding-left: 5px !important;}&#8221;]Kaya mezarlar\u0131 ve deniz kaplumba\u011falar\u0131yla \u00fcnl\u00fc \u2014 \u00f6nceden rezerve edilmi\u015f \u00f6zel bir ara\u00e7la Dalyan&#8217;a yakla\u015f\u0131k 25 dakikada ula\u015f\u0131n.[\/vc_column_text][\/vc_column_inner][\/vc_row_inner]\r\n            <div class=\"theme-component-button theme-component-button-style-1 aligncenter\">\r\n                <a href=\"http:\/\/quanticalabs.com\/wp_themes4\/autoride\/our-services-i\/\" target=\"_self\">\r\n                    More Services\r\n                <\/a>\r\n            <\/div>\r\n        [\/vc_column][\/vc_row][vc_row content_placement=&#8221;middle&#8221; el_class=&#8221;theme-column-style-2&#8243;][vc_column el_class=&#8221;theme-margin-bottom-0&#8243; css=&#8221;.vc_custom_1776802976196{padding-top: 60px !important;padding-bottom: 60px !important;}&#8221;]\r\n            <div class=\"theme-component-header-subheader aligncenter theme-margin-bottom-0\">\r\n                <div class=\"theme-component-header-subheader-subheader\">How It Works<\/div>\r\n                <h2 class=\"theme-component-header-subheader-header\">How Your Dalaman Transfer Works<\/h2>\r\n            <\/div>\r\n        [vc_column_text css=&#8221;&#8221; el_class=&#8221;theme-margin-bottom-40&#8243;]<\/p>\n<p style=\"text-align: center;\">Rezervasyondan otelinizin kap\u0131s\u0131na b\u0131rak\u0131lmaya kadar \u00fc\u00e7 basit ad\u0131m.<\/p>\n<p>[\/vc_column_text]\n            <div class=\"theme-component-process-list\">\n                [vc_row_inner][vc_column_inner width=&#8221;1\/3&#8243;]\n            <div class=\"theme-component-process-list-item theme-component-process-list-item-even\">\n                <div>01<\/div>\n                <span class=\"theme-icon-feature-pencil\"><\/span>\n                <p>Online Rezervasyon Yap\u0131n Hedefinizi se\u00e7in, u\u00e7u\u015f numaran\u0131z\u0131 ve seyahat tarihinizi girin, ard\u0131ndan iki dakikadan k\u0131sa s\u00fcrede onaylay\u0131n. Fiyat\u0131n\u0131z rezervasyon an\u0131nda sabittir. <\/p>\n            <\/div>\n        [\/vc_column_inner][vc_column_inner width=&#8221;1\/3&#8243;]\n            <div class=\"theme-component-process-list-item theme-component-process-list-item-odd\">\n                <div>02<\/div>\n                <span class=\"theme-icon-feature-road-pin\"><\/span>\n                <p>Dalaman&#8217;a Var\u0131\u015f Var\u0131\u015f salonundan ge\u00e7in ve ad\u0131n\u0131z\u0131n yaz\u0131l\u0131 oldu\u011fu tabelay\u0131 aray\u0131n \u2014 \u015fof\u00f6r\u00fcn\u00fcz, u\u00e7u\u015funuz kalkt\u0131\u011f\u0131 andan itibaren sizi takip ederek zaten oradad\u0131r.<\/p>\n            <\/div>\n        [\/vc_column_inner][vc_column_inner width=&#8221;1\/3&#8243;]\n            <div class=\"theme-component-process-list-item theme-component-process-list-item-even\">\n                <div>03<\/div>\n                <span class=\"theme-icon-feature-beach\"><\/span>\n                <p>Otelinizde Rahatlay\u0131n \u00d6zel arac\u0131n\u0131zda arkan\u0131za yaslan\u0131n ve tatil beldenize olan yolculu\u011fun tad\u0131n\u0131 \u00e7\u0131kar\u0131n \u2014 ortak duraklar yok, bekleme yok, sonunda pazarl\u0131k yok.<\/p>\n            <\/div>\n        [\/vc_column_inner][\/vc_row_inner]\n            <\/div>\n        [\/vc_column][\/vc_row][vc_row full_width=&#8221;stretch_row&#8221; el_class=&#8221;theme-background-color-7&#8243; css=&#8221;.vc_custom_1776723401447{padding-top: 60px !important;padding-bottom: 60px !important;}&#8221;][vc_column el_class=&#8221;theme-margin-bottom-0&#8243;]\r\n            <div class=\"theme-component-header-subheader aligncenter theme-margin-bottom-20\">\r\n                <div class=\"theme-component-header-subheader-subheader\">WHY CHOOSE US<\/div>\r\n                <h2 class=\"theme-component-header-subheader-header\">Why Travelers Choose Us for Their Dalaman Transfer<\/h2>\r\n            <\/div>\r\n        \n            <div class=\"theme-component-feature theme-component-feature-style-1\">\n                [vc_row_inner][vc_column_inner width=&#8221;1\/4&#8243;]\r\n            <div class=\"theme-component-feature-item\">\r\n                <span class=\"theme-icon-feature-driver theme-component-feature-item-icon\"><span><\/span><\/span>\r\n                <h4 class=\"theme-component-feature-item-header\">Licensed Local Drivers<\/h4><p style=\"text-align: center;\">A\u011f\u0131m\u0131zdaki her \u015fof\u00f6r ge\u00e7erli bir T\u00fcrk ta\u015f\u0131ma lisans\u0131na sahiptir ve Dalaman b\u00f6lgesi g\u00fczergahlar\u0131n\u0131 ayr\u0131nt\u0131l\u0131 olarak bilir. Tan\u0131d\u0131k olmayan bir \u00fclkede lisanss\u0131z bir yabanc\u0131yla de\u011fil, denetlenmi\u015f bir profesyonelle seyahat ediyorsunuz. <\/p>\n\r\n            <\/div>\r\n        [\/vc_column_inner][vc_column_inner width=&#8221;1\/4&#8243;]\r\n            <div class=\"theme-component-feature-item\">\r\n                <span class=\"theme-icon-feature-car-1 theme-component-feature-item-icon\"><span><\/span><\/span>\r\n                <h4 class=\"theme-component-feature-item-header\">Clean and Comfortable Fleet<\/h4><p style=\"text-align: center;\">Ara\u00e7lar\u0131m\u0131z d\u00fczenli olarak denetlenir ve her yolculuk i\u00e7in temiz tutulur. \u0130ki ki\u015filik bir sedan veya bir grup i\u00e7in bir minib\u00fcs rezerve etseniz de, yolculu\u011funuz bak\u0131ml\u0131, klimal\u0131 bir ara\u00e7ta ba\u015flar. <\/p>\n\r\n            <\/div>\r\n        [\/vc_column_inner][vc_column_inner width=&#8221;1\/4&#8243;]\r\n            <div class=\"theme-component-feature-item\">\r\n                <span class=\"theme-icon-feature-warning theme-component-feature-item-icon\"><span><\/span><\/span>\r\n                <h4 class=\"theme-component-feature-item-header\">Child Seats on Request<\/h4><p style=\"text-align: center;\">K\u00fc\u00e7\u00fck \u00e7ocuklarla m\u0131 seyahat ediyorsunuz? Bebek koltuklar\u0131, \u00e7ocuk koltuklar\u0131 ve y\u00fckseltici koltuklar talep \u00fczerine mevcuttur. Rezervasyon s\u0131ras\u0131nda ihtiyac\u0131n\u0131z\u0131 belirtin, gerisini biz hallederiz.  <\/p>\n\r\n            <\/div>\r\n        [\/vc_column_inner][vc_column_inner width=&#8221;1\/4&#8243;]\r\n            <div class=\"theme-component-feature-item\">\r\n                <span class=\"theme-icon-feature-pencil theme-component-feature-item-icon\"><span><\/span><\/span>\r\n                <h4 class=\"theme-component-feature-item-header\">Transparent Booking<\/h4><p style=\"text-align: center;\">Fiyat\u0131n\u0131z onaylamadan \u00f6nce belirlenir. Fiyat pazarl\u0131\u011f\u0131 yok, taksimetre yok, bah\u015fi\u015f bask\u0131s\u0131 yok. Bir Dalaman Havaliman\u0131 transferi rezervasyonu yap\u0131n ve seyahatinizden \u00f6nce ne \u00f6deyece\u011finizi tam olarak bilin.  <\/p>\n\r\n            <\/div>\r\n        [\/vc_column_inner][\/vc_row_inner]\n            <\/div>\n        [\/vc_column][\/vc_row]<\/p>\n<\/div>","protected":false},"excerpt":{"rendered":"<p>[vc_row el_class=&#8221;theme-margin-bottom-10&#8243; css=&#8221;.vc_custom_1776803008235{padding-top: 0px !important;padding-bottom: 0px !important;}&#8221;][vc_column width=&#8221;1\/2&#8243;][vc_custom_heading text=&#8221;Yolcular Neden Bizi Tercih Ediyor?&#8221; font_container=&#8221;tag:div|font_size:16|text_align:left&#8221; use_theme_fonts=&#8221;yes&#8221; css=&#8221;&#8221; el_class=&#8221;theme-header-style-1&#8243;][vc_custom_heading text=&#8221;Sorunsuz Bir Var\u0131\u015f \u0130\u00e7in \u0130htiyac\u0131n\u0131z Olan Her \u015eey.&#8221; use_theme_fonts=&#8221;yes&#8221; css=&#8221;&#8221;][vc_column_text css=&#8221;&#8221;]Sabit fiyatland\u0131rma ve kar\u015f\u0131lama hizmetinden ger\u00e7ek zamanl\u0131 u\u00e7u\u015f takibine ve 7\/24 \u00e7ok dilli deste\u011fe kadar \u2014 Dalaman&#8217;a inmeden \u00f6nce her ayr\u0131nt\u0131 halledilir.[\/vc_column_text][\/vc_column][vc_column width=&#8221;1\/4&#8243;][vc_custom_heading text=&#8221;Sabit Fiyatlar&#8221; font_container=&#8221;tag:h3|text_align:left&#8221; use_theme_fonts=&#8221;yes&#8221; css=&#8221;&#8221;][vc_column_text [&#8230;]<\/p>\n","protected":false},"author":1,"featured_media":0,"parent":0,"menu_order":0,"comment_status":"closed","ping_status":"closed","template":"","meta":{"footnotes":""},"class_list":["post-24110","page","type-page","status-publish","hentry"],"_links":{"self":[{"href":"https:\/\/airporttransfersdalaman.com\/tr\/wp-json\/wp\/v2\/pages\/24110","targetHints":{"allow":["GET"]}}],"collection":[{"href":"https:\/\/airporttransfersdalaman.com\/tr\/wp-json\/wp\/v2\/pages"}],"about":[{"href":"https:\/\/airporttransfersdalaman.com\/tr\/wp-json\/wp\/v2\/types\/page"}],"author":[{"embeddable":true,"href":"https:\/\/airporttransfersdalaman.com\/tr\/wp-json\/wp\/v2\/users\/1"}],"replies":[{"embeddable":true,"href":"https:\/\/airporttransfersdalaman.com\/tr\/wp-json\/wp\/v2\/comments?post=24110"}],"version-history":[{"count":3,"href":"https:\/\/airporttransfersdalaman.com\/tr\/wp-json\/wp\/v2\/pages\/24110\/revisions"}],"predecessor-version":[{"id":24126,"href":"https:\/\/airporttransfersdalaman.com\/tr\/wp-json\/wp\/v2\/pages\/24110\/revisions\/24126"}],"wp:attachment":[{"href":"https:\/\/airporttransfersdalaman.com\/tr\/wp-json\/wp\/v2\/media?parent=24110"}],"curies":[{"name":"wp","href":"https:\/\/api.w.org\/{rel}","templated":true}]}}