{"id":24152,"date":"2019-09-24T07:31:51","date_gmt":"2019-09-24T07:31:51","guid":{"rendered":"https:\/\/airporttransfersdalaman.com\/startseite\/"},"modified":"2026-04-26T10:56:01","modified_gmt":"2026-04-26T10:56:01","slug":"startseite","status":"publish","type":"page","link":"https:\/\/airporttransfersdalaman.com\/de\/","title":{"rendered":"Startseite"},"content":{"rendered":"<div class=\"wpb-content-wrapper\"><p>[vc_row el_class=&#8220;theme-margin-bottom-10&#8243; css=&#8220;.vc_custom_1776803008235{padding-top: 0px !important;padding-bottom: 0px !important;}&#8220;][vc_column width=&#8220;1\/2&#8243;][vc_custom_heading text=&#8220;Warum Reisende uns w\u00e4hlen&#8220; font_container=&#8220;tag:div|font_size:16|text_align:left&#8220; use_theme_fonts=&#8220;yes&#8220; css=&#8220;&#8220; el_class=&#8220;theme-header-style-1&#8243;][vc_custom_heading text=&#8220;Alles, was Sie brauchen<br \/>\nf\u00fcr eine reibungslose Ankunft.&#8220; use_theme_fonts=&#8220;yes&#8220; css=&#8220;&#8220;][vc_column_text css=&#8220;&#8220;]Von Festpreisen und Meet &amp; Greet \u00fcber Echtzeit-Flugverfolgung bis hin zu mehrsprachigem 24\/7-Support \u2013 jedes Detail ist geregelt, bevor Sie \u00fcberhaupt in Dalaman landen.[\/vc_column_text][\/vc_column][vc_column width=&#8220;1\/4&#8243;][vc_custom_heading text=&#8220;Festpreise&#8220; font_container=&#8220;tag:h3|text_align:left&#8220; use_theme_fonts=&#8220;yes&#8220; css=&#8220;&#8220;][vc_column_text css=&#8220;&#8220;]Der Preis, den Sie bei der Buchung sehen, ist genau das, was Sie bei der Ankunft zahlen \u2013 kein laufendes Taxameter, keine Zuschl\u00e4ge, keine Last-Minute-Zusatzkosten.[\/vc_column_text][vc_custom_heading text=&#8220;Flugverfolgung&#8220; font_container=&#8220;tag:h3|text_align:left&#8220; use_theme_fonts=&#8220;yes&#8220; css=&#8220;&#8220;][vc_column_text css=&#8220;&#8220;]Wir \u00fcberwachen Ihren Flug in Echtzeit. Wenn er fr\u00fcher landet oder sich versp\u00e4tet, passt sich Ihr Fahrer an \u2013 Sie warten nie.[\/vc_column_text][\/vc_column][vc_column width=&#8220;1\/4&#8243;][vc_custom_heading text=&#8220;Kostenloser Meet &amp; Greet&#8220; font_container=&#8220;tag:h3|text_align:left&#8220; use_theme_fonts=&#8220;yes&#8220; css=&#8220;&#8220;][vc_column_text css=&#8220;&#8220;]Ihr Fahrer wartet in der Ankunftshalle mit einem Schild mit Ihrem Namen \u2013 keine Suche nach einem Taxistand, kein R\u00e4tselraten.[\/vc_column_text][vc_custom_heading text=&#8220;24\/7-Support&#8220; font_container=&#8220;tag:h3|text_align:left&#8220; use_theme_fonts=&#8220;yes&#8220; css=&#8220;&#8220;][vc_column_text css=&#8220;&#8220;]Fragen vor dem Abflug oder eine Plan\u00e4nderung um Mitternacht? Unser Team ist rund um die Uhr erreichbar \u2013 auf Englisch, T\u00fcrkisch, Deutsch und Russisch.[\/vc_column_text][\/vc_column][\/vc_row][vc_row full_width=&#8220;stretch_row&#8220; equal_height=&#8220;yes&#8220; content_placement=&#8220;middle&#8220; el_class=&#8220;theme-margin-bottom-20&#8243;][vc_column width=&#8220;1\/2&#8243;][vc_single_image image=&#8220;24159&#8243; img_size=&#8220;full&#8220; alignment=&#8220;center&#8220; style=&#8220;vc_box_rounded&#8220; css=&#8220;&#8220; el_class=&#8220;theme-image-style-2&#8243;][\/vc_column][vc_column width=&#8220;1\/2&#8243;][vc_single_image image=&#8220;24160&#8243; img_size=&#8220;full&#8220; style=&#8220;vc_box_rounded&#8220; css=&#8220;&#8220; el_class=&#8220;theme-image-style-2&#8243;][\/vc_column][\/vc_row][vc_row full_width=&#8220;stretch_row&#8220; el_class=&#8220;theme-background-color-7&#8243; css=&#8220;.vc_custom_1776697436824{padding-top: 0px !important;padding-bottom: 0px !important;}&#8220;][vc_column el_class=&#8220;theme-column-style-2 theme-margin-bottom-0&#8243; css=&#8220;.vc_custom_1776697346530{padding-top: 60px !important;padding-bottom: 60px !important;}&#8220;]\r\n            <div class=\"theme-component-header-subheader aligncenter theme-margin-bottom-0\">\r\n                <div class=\"theme-component-header-subheader-subheader\">Popular Routes<\/div>\r\n                <h2 class=\"theme-component-header-subheader-header\">Popular Dalaman Airport Transfer Routes<\/h2>\r\n            <\/div>\r\n        [vc_column_text css=&#8220;&#8220; el_class=&#8220;theme-margin-bottom-20&#8243;]<\/p>\n<p style=\"text-align: center;\">Jede Strecke, ein Festpreis \u2013 vor der Reise best\u00e4tigt, ohne Zusatzkosten bei der Ankunft.<\/p>\n<p>[\/vc_column_text][vc_row_inner equal_height=&#8220;yes&#8220; content_placement=&#8220;middle&#8220; gap=&#8220;5&#8243;][vc_column_inner width=&#8220;1\/3&#8243; css=&#8220;.vc_custom_1776699161287{padding-top: 0px !important;padding-right: 0px !important;padding-bottom: 30px !important;padding-left: 0px !important;background-color: #FFFFFF !important;}&#8220;][vc_single_image image=&#8220;24158&#8243; img_size=&#8220;large&#8220; add_caption=&#8220;yes&#8220; alignment=&#8220;center&#8220; css=&#8220;.vc_custom_1776788835209{margin-bottom: 0px !important;}&#8220;][vc_custom_heading text=&#8220;Flughafen Dalaman nach Marmaris&#8220; font_container=&#8220;tag:h3|text_align:left&#8220; use_theme_fonts=&#8220;yes&#8220; css=&#8220;.vc_custom_1776699120414{margin-bottom: 0px !important;padding-right: 5px !important;padding-left: 5px !important;}&#8220; el_class=&#8220;theme-margin-top-20 theme-margin-bottom-20&#8243;][vc_column_text css=&#8220;.vc_custom_1776698928580{padding-right: 5px !important;padding-left: 5px !important;}&#8220;]Der gr\u00f6\u00dfte Ferienort an der T\u00fcrkisfarbenen K\u00fcste \u2013 Ihr privater Transfer deckt die gesamte Fahrt in etwa 75 Minuten ab.[\/vc_column_text][\/vc_column_inner][vc_column_inner width=&#8220;1\/3&#8243; css=&#8220;.vc_custom_1776788980777{padding-top: 0px !important;padding-right: 0px !important;padding-bottom: 30px !important;padding-left: 0px !important;background-color: #FFFFFF !important;}&#8220;][vc_single_image image=&#8220;24161&#8243; img_size=&#8220;large&#8220; add_caption=&#8220;yes&#8220; alignment=&#8220;center&#8220; css=&#8220;.vc_custom_1776788915440{margin-bottom: 0px !important;}&#8220;][vc_custom_heading text=&#8220;Flughafen Dalaman nach Fethiye&#8220; font_container=&#8220;tag:h3|text_align:left&#8220; use_theme_fonts=&#8220;yes&#8220; css=&#8220;.vc_custom_1776788886827{margin-bottom: 0px !important;padding-right: 5px !important;padding-left: 5px !important;}&#8220; el_class=&#8220;theme-margin-top-20 theme-margin-bottom-20&#8243;][vc_column_text css=&#8220;.vc_custom_1776788894120{padding-right: 5px !important;padding-left: 5px !important;}&#8220;]Ein 45-min\u00fctiger Transfer zu einer der meistbesuchten Hafenst\u00e4dte der Region \u2013 direkt, privat und von T\u00fcr zu T\u00fcr.[\/vc_column_text][\/vc_column_inner][vc_column_inner width=&#8220;1\/3&#8243; css=&#8220;.vc_custom_1776789218413{padding-top: 0px !important;padding-right: 0px !important;padding-bottom: 30px !important;padding-left: 0px !important;background-color: #FFFFFF !important;}&#8220;][vc_single_image image=&#8220;24162&#8243; img_size=&#8220;large&#8220; css=&#8220;&#8220;][vc_custom_heading text=&#8220;Flughafen Dalaman nach \u00d6l\u00fcdeniz&#8220; font_container=&#8220;tag:h3|text_align:left&#8220; use_theme_fonts=&#8220;yes&#8220; css=&#8220;.vc_custom_1776789178521{margin-bottom: 0px !important;padding-right: 5px !important;padding-left: 5px !important;}&#8220; el_class=&#8220;theme-margin-top-20 theme-margin-bottom-20&#8243;][vc_column_text css=&#8220;.vc_custom_1776789166062{padding-right: 5px !important;padding-left: 5px !important;}&#8220;]Heimat der ber\u00fchmten Blauen Lagune \u2013 erreichen Sie \u00d6l\u00fcdeniz in etwa 60 Minuten ohne den Stress von Sammelbussen oder Flughafenschlangen.[\/vc_column_text][\/vc_column_inner][\/vc_row_inner][vc_row_inner][vc_column_inner width=&#8220;1\/3&#8243; css=&#8220;.vc_custom_1776789343720{padding-top: 0px !important;padding-right: 0px !important;padding-bottom: 30px !important;padding-left: 0px !important;background-color: #FFFFFF !important;}&#8220;][vc_single_image image=&#8220;24163&#8243; img_size=&#8220;large&#8220; add_caption=&#8220;yes&#8220; alignment=&#8220;center&#8220; css=&#8220;.vc_custom_1776789317772{margin-bottom: 0px !important;}&#8220;][vc_custom_heading text=&#8220;Flughafen Dalaman nach G\u00f6cek&#8220; font_container=&#8220;tag:h3|text_align:left&#8220; use_theme_fonts=&#8220;yes&#8220; css=&#8220;.vc_custom_1776789285912{margin-bottom: 0px !important;padding-right: 5px !important;padding-left: 5px !important;}&#8220; el_class=&#8220;theme-margin-top-20 theme-margin-bottom-20&#8243;][vc_column_text css=&#8220;.vc_custom_1776789296471{padding-right: 5px !important;padding-left: 5px !important;}&#8220;]Ein kurzer Transfer zu diesem ruhigen Segeldorf \u2013 G\u00f6cek ist nur 20 Minuten vom Flughafen entfernt, und Ihr Fahrzeug wartet bei Ihrer Landung.[\/vc_column_text][\/vc_column_inner][vc_column_inner width=&#8220;1\/3&#8243; css=&#8220;.vc_custom_1776789447972{padding-top: 0px !important;padding-right: 0px !important;padding-bottom: 30px !important;padding-left: 0px !important;background-color: #FFFFFF !important;}&#8220;][vc_single_image image=&#8220;24164&#8243; img_size=&#8220;large&#8220; alignment=&#8220;center&#8220; css=&#8220;.vc_custom_1776789410005{margin-bottom: 0px !important;}&#8220;][vc_custom_heading text=&#8220;Flughafen Dalaman nach Sar\u0131germe&#8220; font_container=&#8220;tag:h3|text_align:left&#8220; use_theme_fonts=&#8220;yes&#8220; css=&#8220;.vc_custom_1776789372664{margin-bottom: 0px !important;padding-right: 5px !important;padding-left: 5px !important;}&#8220; el_class=&#8220;theme-margin-top-20 theme-margin-bottom-20&#8243;][vc_column_text css=&#8220;.vc_custom_1776789379572{padding-right: 5px !important;padding-left: 5px !important;}&#8220;]Einer der n\u00e4chstgelegenen Ferienorte zum Flughafen \u2013 Ihr Transfer nach Sar\u0131germe dauert etwa 15 Minuten zu einem Festpreis.[\/vc_column_text][\/vc_column_inner][vc_column_inner width=&#8220;1\/3&#8243; css=&#8220;.vc_custom_1776789551337{padding-top: 0px !important;padding-right: 0px !important;padding-bottom: 30px !important;padding-left: 0px !important;background-color: #FFFFFF !important;}&#8220;][vc_single_image image=&#8220;24165&#8243; img_size=&#8220;large&#8220; alignment=&#8220;center&#8220; css=&#8220;.vc_custom_1776789529002{margin-bottom: 0px !important;}&#8220;][vc_custom_heading text=&#8220;Flughafen Dalaman nach Dalyan&#8220; font_container=&#8220;tag:h3|text_align:left&#8220; use_theme_fonts=&#8220;yes&#8220; css=&#8220;.vc_custom_1776789495948{margin-bottom: 0px !important;padding-right: 5px !important;padding-left: 5px !important;}&#8220; el_class=&#8220;theme-margin-top-20 theme-margin-bottom-20&#8243;][vc_column_text css=&#8220;.vc_custom_1776789509135{padding-right: 5px !important;padding-left: 5px !important;}&#8220;]Ber\u00fchmt f\u00fcr seine Felsengr\u00e4ber und Meeresschildkr\u00f6ten \u2013 erreichen Sie Dalyan in etwa 25 Minuten mit einem im Voraus gebuchten Privatfahrzeug.[\/vc_column_text][\/vc_column_inner][\/vc_row_inner]\r\n            <div class=\"theme-component-button theme-component-button-style-1 aligncenter\">\r\n                <a href=\"http:\/\/quanticalabs.com\/wp_themes4\/autoride\/our-services-i\/\" target=\"_self\">\r\n                    More Services\r\n                <\/a>\r\n            <\/div>\r\n        [\/vc_column][\/vc_row][vc_row content_placement=&#8220;middle&#8220; el_class=&#8220;theme-column-style-2&#8243;][vc_column el_class=&#8220;theme-margin-bottom-0&#8243; css=&#8220;.vc_custom_1776802976196{padding-top: 60px !important;padding-bottom: 60px !important;}&#8220;]\r\n            <div class=\"theme-component-header-subheader aligncenter theme-margin-bottom-0\">\r\n                <div class=\"theme-component-header-subheader-subheader\">How It Works<\/div>\r\n                <h2 class=\"theme-component-header-subheader-header\">How Your Dalaman Transfer Works<\/h2>\r\n            <\/div>\r\n        [vc_column_text css=&#8220;&#8220; el_class=&#8220;theme-margin-bottom-40&#8243;]<\/p>\n<p style=\"text-align: center;\">Drei einfache Schritte von der Buchung bis zur Abgabe an Ihrer Hotelt\u00fcr.<\/p>\n<p>[\/vc_column_text]\n            <div class=\"theme-component-process-list\">\n                [vc_row_inner][vc_column_inner width=&#8220;1\/3&#8243;]\n            <div class=\"theme-component-process-list-item theme-component-process-list-item-even\">\n                <div>01<\/div>\n                <span class=\"theme-icon-feature-pencil\"><\/span>\n                <p>Online buchen W\u00e4hlen Sie Ihr Ziel, geben Sie Ihre Flugnummer und Ihr Reisedatum ein und best\u00e4tigen Sie in unter zwei Minuten. Ihr Preis ist zum Zeitpunkt der Buchung festgelegt. <\/p>\n            <\/div>\n        [\/vc_column_inner][vc_column_inner width=&#8220;1\/3&#8243;]\n            <div class=\"theme-component-process-list-item theme-component-process-list-item-odd\">\n                <div>02<\/div>\n                <span class=\"theme-icon-feature-road-pin\"><\/span>\n                <p>Ankunft in Dalaman Gehen Sie durch die Ankunftshalle und suchen Sie nach Ihrem Namen auf einem Schild \u2013 Ihr Fahrer ist bereits da und verfolgt Ihren Flug ab dem Moment des Starts.<\/p>\n            <\/div>\n        [\/vc_column_inner][vc_column_inner width=&#8220;1\/3&#8243;]\n            <div class=\"theme-component-process-list-item theme-component-process-list-item-even\">\n                <div>03<\/div>\n                <span class=\"theme-icon-feature-beach\"><\/span>\n                <p>Entspannt zu Ihrem Hotel Lehnen Sie sich in Ihrem Privatfahrzeug zur\u00fcck und genie\u00dfen Sie die Fahrt zu Ihrem Resort \u2013 keine gemeinsamen Stopps, kein Warten, keine Preisverhandlung am Ende.<\/p>\n            <\/div>\n        [\/vc_column_inner][\/vc_row_inner]\n            <\/div>\n        [\/vc_column][\/vc_row][vc_row full_width=&#8220;stretch_row&#8220; el_class=&#8220;theme-background-color-7&#8243; css=&#8220;.vc_custom_1776723401447{padding-top: 60px !important;padding-bottom: 60px !important;}&#8220;][vc_column el_class=&#8220;theme-margin-bottom-0&#8243;]\r\n            <div class=\"theme-component-header-subheader aligncenter theme-margin-bottom-20\">\r\n                <div class=\"theme-component-header-subheader-subheader\">WHY CHOOSE US<\/div>\r\n                <h2 class=\"theme-component-header-subheader-header\">Why Travelers Choose Us for Their Dalaman Transfer<\/h2>\r\n            <\/div>\r\n        \n            <div class=\"theme-component-feature theme-component-feature-style-1\">\n                [vc_row_inner][vc_column_inner width=&#8220;1\/4&#8243;]\r\n            <div class=\"theme-component-feature-item\">\r\n                <span class=\"theme-icon-feature-driver theme-component-feature-item-icon\"><span><\/span><\/span>\r\n                <h4 class=\"theme-component-feature-item-header\">Licensed Local Drivers<\/h4><p style=\"text-align: center;\">Jeder Fahrer in unserem Netzwerk besitzt eine g\u00fcltige t\u00fcrkische Transportlizenz und kennt die Routen der Region Dalaman im Detail. Sie fahren mit einem gepr\u00fcften Fachmann, nicht mit einem nicht lizenzierten Fremden in einem unbekannten Land. <\/p>\n\r\n            <\/div>\r\n        [\/vc_column_inner][vc_column_inner width=&#8220;1\/4&#8243;]\r\n            <div class=\"theme-component-feature-item\">\r\n                <span class=\"theme-icon-feature-car-1 theme-component-feature-item-icon\"><span><\/span><\/span>\r\n                <h4 class=\"theme-component-feature-item-header\">Clean and Comfortable Fleet<\/h4><p style=\"text-align: center;\">Unsere Fahrzeuge werden regelm\u00e4\u00dfig gepr\u00fcft und f\u00fcr jede Fahrt sauber gehalten. Ob Sie eine Limousine f\u00fcr zwei oder einen Minibus f\u00fcr eine Gruppe buchen \u2013 Ihre Fahrt beginnt in einem gut gewarteten, klimatisierten Fahrzeug. <\/p>\n\r\n            <\/div>\r\n        [\/vc_column_inner][vc_column_inner width=&#8220;1\/4&#8243;]\r\n            <div class=\"theme-component-feature-item\">\r\n                <span class=\"theme-icon-feature-warning theme-component-feature-item-icon\"><span><\/span><\/span>\r\n                <h4 class=\"theme-component-feature-item-header\">Child Seats on Request<\/h4><p style=\"text-align: center;\">Reisen Sie mit kleinen Kindern? Babysitze, Kleinkindersitze und Sitzerh\u00f6hungen sind auf Anfrage verf\u00fcgbar. Geben Sie Ihren Bedarf bei der Buchung an und wir k\u00fcmmern uns um den Rest.  <\/p>\n\r\n            <\/div>\r\n        [\/vc_column_inner][vc_column_inner width=&#8220;1\/4&#8243;]\r\n            <div class=\"theme-component-feature-item\">\r\n                <span class=\"theme-icon-feature-pencil theme-component-feature-item-icon\"><span><\/span><\/span>\r\n                <h4 class=\"theme-component-feature-item-header\">Transparent Booking<\/h4><p style=\"text-align: center;\">Ihr Preis steht fest, bevor Sie best\u00e4tigen. Keine Preisverhandlung, kein Taxameter, kein Trinkgelddruck. Buchen Sie einen Transfer vom Flughafen Dalaman und Sie wissen genau, was Sie zahlen, bevor Sie reisen.  <\/p>\n\r\n            <\/div>\r\n        [\/vc_column_inner][\/vc_row_inner]\n            <\/div>\n        [\/vc_column][\/vc_row]<\/p>\n<\/div>","protected":false},"excerpt":{"rendered":"<p>[vc_row el_class=&#8220;theme-margin-bottom-10&#8243; css=&#8220;.vc_custom_1776803008235{padding-top: 0px !important;padding-bottom: 0px !important;}&#8220;][vc_column width=&#8220;1\/2&#8243;][vc_custom_heading text=&#8220;Warum Reisende uns w\u00e4hlen&#8220; font_container=&#8220;tag:div|font_size:16|text_align:left&#8220; use_theme_fonts=&#8220;yes&#8220; css=&#8220;&#8220; el_class=&#8220;theme-header-style-1&#8243;][vc_custom_heading text=&#8220;Alles, was Sie brauchen f\u00fcr eine reibungslose Ankunft.&#8220; use_theme_fonts=&#8220;yes&#8220; css=&#8220;&#8220;][vc_column_text css=&#8220;&#8220;]Von Festpreisen und Meet &amp; Greet \u00fcber Echtzeit-Flugverfolgung bis hin zu mehrsprachigem 24\/7-Support \u2013 jedes Detail ist geregelt, bevor Sie \u00fcberhaupt in Dalaman landen.[\/vc_column_text][\/vc_column][vc_column width=&#8220;1\/4&#8243;][vc_custom_heading text=&#8220;Festpreise&#8220; font_container=&#8220;tag:h3|text_align:left&#8220; use_theme_fonts=&#8220;yes&#8220; css=&#8220;&#8220;][vc_column_text [&#8230;]<\/p>\n","protected":false},"author":1,"featured_media":0,"parent":0,"menu_order":0,"comment_status":"closed","ping_status":"closed","template":"","meta":{"footnotes":""},"class_list":["post-24152","page","type-page","status-publish","hentry"],"_links":{"self":[{"href":"https:\/\/airporttransfersdalaman.com\/de\/wp-json\/wp\/v2\/pages\/24152","targetHints":{"allow":["GET"]}}],"collection":[{"href":"https:\/\/airporttransfersdalaman.com\/de\/wp-json\/wp\/v2\/pages"}],"about":[{"href":"https:\/\/airporttransfersdalaman.com\/de\/wp-json\/wp\/v2\/types\/page"}],"author":[{"embeddable":true,"href":"https:\/\/airporttransfersdalaman.com\/de\/wp-json\/wp\/v2\/users\/1"}],"replies":[{"embeddable":true,"href":"https:\/\/airporttransfersdalaman.com\/de\/wp-json\/wp\/v2\/comments?post=24152"}],"version-history":[{"count":3,"href":"https:\/\/airporttransfersdalaman.com\/de\/wp-json\/wp\/v2\/pages\/24152\/revisions"}],"predecessor-version":[{"id":24169,"href":"https:\/\/airporttransfersdalaman.com\/de\/wp-json\/wp\/v2\/pages\/24152\/revisions\/24169"}],"wp:attachment":[{"href":"https:\/\/airporttransfersdalaman.com\/de\/wp-json\/wp\/v2\/media?parent=24152"}],"curies":[{"name":"wp","href":"https:\/\/api.w.org\/{rel}","templated":true}]}}